{"id":110,"date":"2023-09-09T09:32:40","date_gmt":"2023-09-09T07:32:40","guid":{"rendered":"https:\/\/ibizamagon.com\/index.php\/home\/"},"modified":"2026-05-07T11:24:38","modified_gmt":"2026-05-07T09:24:38","slug":"magon","status":"publish","type":"page","link":"https:\/\/ibizamagon.com\/index.php\/magon\/","title":{"rendered":"Home"},"content":{"rendered":"\n<h1 class=\"wp-block-heading\">Restaurante Magon<\/h1>\n\n\n\n<h2 class=\"wp-block-heading\">Restaurant \u00e0 Port d&rsquo;es Torrent, Sant Josep de sa Talaia<\/h2>\n\n\n\n<h2 class=\"wp-block-heading\"><code>Restaurante Magon, cuisine m\u00e9diterran\u00e9enne \u00e0 Ibiza<\/code><a href=\"https:\/\/www.youtube.com\/watch?v=ya2dXX9HVus\" target=\"_blank\" rel=\"noreferrer noopener\"><\/a><a href=\"https:\/\/learn.wordpress.org\/lesson\/advanced-layouts-with-the-block-editor-2\/\" target=\"_blank\" rel=\"noreferrer noopener\"><\/a><\/h2>\n\n\n\n<p><\/p>\n","protected":false},"excerpt":{"rendered":"<p>Restaurante Magon Restaurant \u00e0 Port d&rsquo;es Torrent, Sant Josep de [&hellip;]<\/p>\n","protected":false},"author":1,"featured_media":0,"parent":0,"menu_order":0,"comment_status":"closed","ping_status":"closed","template":"templates\/template-frontpage.php","meta":{"footnotes":""},"class_list":["post-110","page","type-page","status-publish","hentry"],"_links":{"self":[{"href":"https:\/\/ibizamagon.com\/index.php\/wp-json\/wp\/v2\/pages\/110","targetHints":{"allow":["GET"]}}],"collection":[{"href":"https:\/\/ibizamagon.com\/index.php\/wp-json\/wp\/v2\/pages"}],"about":[{"href":"https:\/\/ibizamagon.com\/index.php\/wp-json\/wp\/v2\/types\/page"}],"author":[{"embeddable":true,"href":"https:\/\/ibizamagon.com\/index.php\/wp-json\/wp\/v2\/users\/1"}],"replies":[{"embeddable":true,"href":"https:\/\/ibizamagon.com\/index.php\/wp-json\/wp\/v2\/comments?post=110"}],"version-history":[{"count":0,"href":"https:\/\/ibizamagon.com\/index.php\/wp-json\/wp\/v2\/pages\/110\/revisions"}],"wp:attachment":[{"href":"https:\/\/ibizamagon.com\/index.php\/wp-json\/wp\/v2\/media?parent=110"}],"curies":[{"name":"wp","href":"https:\/\/api.w.org\/{rel}","templated":true}]}}